{"id":106455,"date":"2024-03-10T08:46:21","date_gmt":"2024-03-10T08:46:21","guid":{"rendered":"https:\/\/dev24.kodesolution.com\/hoexr\/?page_id=106455"},"modified":"2024-03-10T08:46:21","modified_gmt":"2024-03-10T08:46:21","slug":"news","status":"publish","type":"page","link":"https:\/\/lakeapartments.com.ar\/pt\/news\/","title":{"rendered":"Not\u00edcias"},"content":{"rendered":"<div data-elementor-type=\"wp-page\" data-elementor-id=\"106455\" class=\"elementor elementor-106455\">\n\t\t\t\t<div class=\"elementor-element elementor-element-f2ccaf4 e-flex e-con-boxed tm-col-stretched-none tm-bg-color-over-image e-con e-parent\" data-id=\"f2ccaf4\" data-element_type=\"container\">\n\t\t\t\t\t<div class=\"e-con-inner\">\n\t\t<div class=\"elementor-element elementor-element-5ac6403 e-flex e-con-boxed tm-col-stretched-none tm-bg-color-over-image e-con e-child\" data-id=\"5ac6403\" data-element_type=\"container\">\n\t\t\t\t\t<div class=\"e-con-inner\">\n\t\t\t\t<div class=\"elementor-element elementor-element-d0e89c7 elementor-widget elementor-widget-tm-ele-blog\" data-id=\"d0e89c7\" data-element_type=\"widget\" data-widget_type=\"tm-ele-blog.skin-style-current-theme2\">\n\t\t\t\t<div class=\"elementor-widget-container\">\n\t\t\t\t<div class=\"tm-sc-blog tm-sc-blog-grid\">\r\n\t\t\r\n\t\r\n\t\t<!-- Isotope Gallery Grid -->\r\n\t\t<div id=\"blog-holder-350192\" class=\"isotope-layout grid-3 gutter-10 clearfix\">\r\n\t\t\t<div class=\"isotope-layout-inner\">\r\n\r\n\t\t\t\t<!-- the loop -->\r\n\t\t\t\t\t\t\t\t\t\t\t\t\t\t\t\t<div class=\"isotope-item sin-categoria\">\r\n\t\t\t\t\t<div class=\"isotope-item-inner\" data-wow-delay=\"\">\r\n\t\t\t\t\t\t<article class=\"post-1 post type-post status-publish format-standard hentry category-sin-categoria\">\r\n\t<!-- News Block -->\r\n<div class=\"blog-item-current-style2\">\r\n  <div class=\"inner-box\">\r\n    <div class=\"entry-header\">\r\n                              <div class=\"post-single-meta\">\r\n            \t\t\t<a href=\"https:\/\/lakeapartments.com.ar\/pt\/hola-mundo\/\" rel=\"bookmark\"><time class=\"entry-date\" datetime=\"2024-09-12T20:26:26-03:00\"><span class=\"day\">12<\/span> <span class=\"month\">definir<\/span><span class=\"year\">, 2024<\/span><\/time><\/a>\t          <\/div>\r\n                    <\/div>\r\n    <div class=\"entry-content\">\r\n\r\n      <div class=\"content-inner\">\r\n                  \t<ul class=\"entry-meta list-inline\">\r\n\t\t\t\t<li class=\"list-inline-item author\"><i class=\"fa fa-user-circle-o\"><\/i> <span class=\"byline\">By <span class=\"author vcard\"><a class=\"url fn n\" href=\"https:\/\/lakeapartments.com.ar\/pt\/author\/lakeapartments\/\" rel=\"author\">apartamentos no lago<\/a><\/span><\/span><\/li>\r\n\t\t\t\t\t<li class=\"list-inline-item categories\"><i class=\"fa fa-folder-o\"><\/i> \t\t\t<span class=\"categories-links\"><a href=\"https:\/\/lakeapartments.com.ar\/pt\/category\/sin-categoria\/\" rel=\"category tag\">Sem categoria<\/a><\/span>\r\n        <\/li>\r\n\t\t<\/ul>\r\n\t        \r\n                  <h4 class=\"entry-title\"><a href=\"https:\/\/lakeapartments.com.ar\/pt\/hola-mundo\/\" rel=\"bookmark\">Ol\u00e1 mundo!<\/a><\/h4>        \r\n              <\/div>\r\n\r\n              <a href=\"https:\/\/lakeapartments.com.ar\/pt\/hola-mundo\/\" class=\"read-more\">Leia mais<i class=\"fas fa-arrow-right\"><\/i><\/a>\r\n      \r\n    <\/div>\r\n  <\/div>\r\n<\/div><\/article>\t\t\t\t\t<\/div>\r\n\t\t\t\t<\/div>\r\n\t\t\t\t\t\t\t\t\t\t\t\t\t\t\t\t<div class=\"isotope-item tips-tricks\">\r\n\t\t\t\t\t<div class=\"isotope-item-inner\" data-wow-delay=\"\">\r\n\t\t\t\t\t\t<article class=\"post-772 post type-post status-publish format-standard has-post-thumbnail hentry category-tips-tricks tag-booking\">\r\n\t<!-- News Block -->\r\n<div class=\"blog-item-current-style2\">\r\n  <div class=\"inner-box\">\r\n    <div class=\"entry-header\">\r\n      <div class=\"post-thumb lightgallery-lightbox\">\r\n\t\r\n\t<div class=\"post-thumb-inner\">\r\n\t\t<div class=\"thumb\">\r\n\t\t\t<img fetchpriority=\"high\" decoding=\"async\" src=\"https:\/\/lakeapartments.com.ar\/wp-content\/uploads\/2023\/01\/bglog2-1-550x550.jpg\" width=\"550\" height=\"550\" alt=\"Retore Lighting Design  in The Hotel\"\/>\r\n\t\t<\/div>\r\n\t<\/div>\r\n\t<\/div>                        <div class=\"post-single-meta\">\r\n            \t\t\t<a href=\"https:\/\/lakeapartments.com.ar\/pt\/retore-lighting-design-in-the-hotel\/\" rel=\"bookmark\"><time class=\"entry-date\" datetime=\"2023-01-31T05:04:24-03:00\"><span class=\"day\">31<\/span> <span class=\"month\">jan<\/span><span class=\"year\">, 2023<\/span><\/time><\/a>\t          <\/div>\r\n                    <\/div>\r\n    <div class=\"entry-content\">\r\n\r\n      <div class=\"content-inner\">\r\n                  \t<ul class=\"entry-meta list-inline\">\r\n\t\t\t\t<li class=\"list-inline-item author\"><i class=\"fa fa-user-circle-o\"><\/i> <span class=\"byline\">By <span class=\"author vcard\"><a class=\"url fn n\" href=\"https:\/\/lakeapartments.com.ar\/pt\/author\/lakeapartments\/\" rel=\"author\">apartamentos no lago<\/a><\/span><\/span><\/li>\r\n\t\t\t\t\t<li class=\"list-inline-item categories\"><i class=\"fa fa-folder-o\"><\/i> \t\t\t<span class=\"categories-links\"><a href=\"https:\/\/lakeapartments.com.ar\/pt\/category\/tips-tricks\/\" rel=\"category tag\">Dicas e truques<\/a><\/span>\r\n        <\/li>\r\n\t\t<\/ul>\r\n\t        \r\n                  <h4 class=\"entry-title\"><a href=\"https:\/\/lakeapartments.com.ar\/pt\/retore-lighting-design-in-the-hotel\/\" rel=\"bookmark\">Projeto de ilumina\u00e7\u00e3o Retore no hotel<\/a><\/h4>        \r\n              <\/div>\r\n\r\n              <a href=\"https:\/\/lakeapartments.com.ar\/pt\/retore-lighting-design-in-the-hotel\/\" class=\"read-more\">Leia mais<i class=\"fas fa-arrow-right\"><\/i><\/a>\r\n      \r\n    <\/div>\r\n  <\/div>\r\n<\/div><\/article>\t\t\t\t\t<\/div>\r\n\t\t\t\t<\/div>\r\n\t\t\t\t\t\t\t\t\t\t\t\t\t\t\t\t<div class=\"isotope-item tips-tricks\">\r\n\t\t\t\t\t<div class=\"isotope-item-inner\" data-wow-delay=\"\">\r\n\t\t\t\t\t\t<article class=\"post-771 post type-post status-publish format-standard has-post-thumbnail hentry category-tips-tricks tag-sauna\">\r\n\t<!-- News Block -->\r\n<div class=\"blog-item-current-style2\">\r\n  <div class=\"inner-box\">\r\n    <div class=\"entry-header\">\r\n      <div class=\"post-thumb lightgallery-lightbox\">\r\n\t\r\n\t<div class=\"post-thumb-inner\">\r\n\t\t<div class=\"thumb\">\r\n\t\t\t<img decoding=\"async\" src=\"https:\/\/lakeapartments.com.ar\/wp-content\/uploads\/2023\/01\/blog3-1-550x550.jpg\" width=\"550\" height=\"550\" alt=\"Swiming Benefits is Good For Your Health\"\/>\r\n\t\t<\/div>\r\n\t<\/div>\r\n\t<\/div>                        <div class=\"post-single-meta\">\r\n            \t\t\t<a href=\"https:\/\/lakeapartments.com.ar\/pt\/swiming-benefits-is-good-for-your-health\/\" rel=\"bookmark\"><time class=\"entry-date\" datetime=\"2023-01-31T05:00:48-03:00\"><span class=\"day\">31<\/span> <span class=\"month\">jan<\/span><span class=\"year\">, 2023<\/span><\/time><\/a>\t          <\/div>\r\n                    <\/div>\r\n    <div class=\"entry-content\">\r\n\r\n      <div class=\"content-inner\">\r\n                  \t<ul class=\"entry-meta list-inline\">\r\n\t\t\t\t<li class=\"list-inline-item author\"><i class=\"fa fa-user-circle-o\"><\/i> <span class=\"byline\">By <span class=\"author vcard\"><a class=\"url fn n\" href=\"https:\/\/lakeapartments.com.ar\/pt\/author\/lakeapartments\/\" rel=\"author\">apartamentos no lago<\/a><\/span><\/span><\/li>\r\n\t\t\t\t\t<li class=\"list-inline-item categories\"><i class=\"fa fa-folder-o\"><\/i> \t\t\t<span class=\"categories-links\"><a href=\"https:\/\/lakeapartments.com.ar\/pt\/category\/tips-tricks\/\" rel=\"category tag\">Dicas e truques<\/a><\/span>\r\n        <\/li>\r\n\t\t<\/ul>\r\n\t        \r\n                  <h4 class=\"entry-title\"><a href=\"https:\/\/lakeapartments.com.ar\/pt\/swiming-benefits-is-good-for-your-health\/\" rel=\"bookmark\">Os benef\u00edcios da nata\u00e7\u00e3o s\u00e3o bons para sua sa\u00fade<\/a><\/h4>        \r\n              <\/div>\r\n\r\n              <a href=\"https:\/\/lakeapartments.com.ar\/pt\/swiming-benefits-is-good-for-your-health\/\" class=\"read-more\">Leia mais<i class=\"fas fa-arrow-right\"><\/i><\/a>\r\n      \r\n    <\/div>\r\n  <\/div>\r\n<\/div><\/article>\t\t\t\t\t<\/div>\r\n\t\t\t\t<\/div>\r\n\t\t\t\t\t\t\t\t\t\t\t\t\t\t\t\t<div class=\"isotope-item tips-tricks\">\r\n\t\t\t\t\t<div class=\"isotope-item-inner\" data-wow-delay=\"\">\r\n\t\t\t\t\t\t<article class=\"post-671 post type-post status-publish format-standard has-post-thumbnail hentry category-tips-tricks tag-vacation\">\r\n\t<!-- News Block -->\r\n<div class=\"blog-item-current-style2\">\r\n  <div class=\"inner-box\">\r\n    <div class=\"entry-header\">\r\n      <div class=\"post-thumb lightgallery-lightbox\">\r\n\t\r\n\t<div class=\"post-thumb-inner\">\r\n\t\t<div class=\"thumb\">\r\n\t\t\t<img decoding=\"async\" src=\"https:\/\/lakeapartments.com.ar\/wp-content\/uploads\/2024\/05\/room5-1-550x550.jpg\" width=\"550\" height=\"550\" alt=\"Avalible Now Health  Club For Your Fitness\"\/>\r\n\t\t<\/div>\r\n\t<\/div>\r\n\t<\/div>                        <div class=\"post-single-meta\">\r\n            \t\t\t<a href=\"https:\/\/lakeapartments.com.ar\/pt\/avalible-now-health-club-for-your-fitness\/\" rel=\"bookmark\"><time class=\"entry-date\" datetime=\"2023-01-28T08:29:17-03:00\"><span class=\"day\">28<\/span> <span class=\"month\">jan<\/span><span class=\"year\">, 2023<\/span><\/time><\/a>\t          <\/div>\r\n                    <\/div>\r\n    <div class=\"entry-content\">\r\n\r\n      <div class=\"content-inner\">\r\n                  \t<ul class=\"entry-meta list-inline\">\r\n\t\t\t\t<li class=\"list-inline-item author\"><i class=\"fa fa-user-circle-o\"><\/i> <span class=\"byline\">By <span class=\"author vcard\"><a class=\"url fn n\" href=\"https:\/\/lakeapartments.com.ar\/pt\/author\/lakeapartments\/\" rel=\"author\">apartamentos no lago<\/a><\/span><\/span><\/li>\r\n\t\t\t\t\t<li class=\"list-inline-item categories\"><i class=\"fa fa-folder-o\"><\/i> \t\t\t<span class=\"categories-links\"><a href=\"https:\/\/lakeapartments.com.ar\/pt\/category\/tips-tricks\/\" rel=\"category tag\">Dicas e truques<\/a><\/span>\r\n        <\/li>\r\n\t\t<\/ul>\r\n\t        \r\n                  <h4 class=\"entry-title\"><a href=\"https:\/\/lakeapartments.com.ar\/pt\/avalible-now-health-club-for-your-fitness\/\" rel=\"bookmark\">Avalible Now Health Club para seu condicionamento f\u00edsico<\/a><\/h4>        \r\n              <\/div>\r\n\r\n              <a href=\"https:\/\/lakeapartments.com.ar\/pt\/avalible-now-health-club-for-your-fitness\/\" class=\"read-more\">Leia mais<i class=\"fas fa-arrow-right\"><\/i><\/a>\r\n      \r\n    <\/div>\r\n  <\/div>\r\n<\/div><\/article>\t\t\t\t\t<\/div>\r\n\t\t\t\t<\/div>\r\n\t\t\t\t\t\t\t\t\t\t\t\t\t\t\t\t<div class=\"isotope-item digital-nomad\">\r\n\t\t\t\t\t<div class=\"isotope-item-inner\" data-wow-delay=\"\">\r\n\t\t\t\t\t\t<article class=\"post-489 post type-post status-publish format-standard has-post-thumbnail hentry category-digital-nomad tag-presidental\">\r\n\t<!-- News Block -->\r\n<div class=\"blog-item-current-style2\">\r\n  <div class=\"inner-box\">\r\n    <div class=\"entry-header\">\r\n      <div class=\"post-thumb lightgallery-lightbox\">\r\n\t\r\n\t<div class=\"post-thumb-inner\">\r\n\t\t<div class=\"thumb\">\r\n\t\t\t<img loading=\"lazy\" decoding=\"async\" src=\"https:\/\/lakeapartments.com.ar\/wp-content\/uploads\/2024\/05\/room1-1-550x550.jpg\" width=\"550\" height=\"550\" alt=\"New chef and spring special menu\"\/>\r\n\t\t<\/div>\r\n\t<\/div>\r\n\t<\/div>                        <div class=\"post-single-meta\">\r\n            \t\t\t<a href=\"https:\/\/lakeapartments.com.ar\/pt\/new-chef-and-spring-special-menu\/\" rel=\"bookmark\"><time class=\"entry-date\" datetime=\"2023-01-27T11:31:24-03:00\"><span class=\"day\">27<\/span> <span class=\"month\">jan<\/span><span class=\"year\">, 2023<\/span><\/time><\/a>\t          <\/div>\r\n                    <\/div>\r\n    <div class=\"entry-content\">\r\n\r\n      <div class=\"content-inner\">\r\n                  \t<ul class=\"entry-meta list-inline\">\r\n\t\t\t\t<li class=\"list-inline-item author\"><i class=\"fa fa-user-circle-o\"><\/i> <span class=\"byline\">By <span class=\"author vcard\"><a class=\"url fn n\" href=\"https:\/\/lakeapartments.com.ar\/pt\/author\/lakeapartments\/\" rel=\"author\">apartamentos no lago<\/a><\/span><\/span><\/li>\r\n\t\t\t\t\t<li class=\"list-inline-item categories\"><i class=\"fa fa-folder-o\"><\/i> \t\t\t<span class=\"categories-links\"><a href=\"https:\/\/lakeapartments.com.ar\/pt\/category\/digital-nomad\/\" rel=\"category tag\">N\u00f4made digital<\/a><\/span>\r\n        <\/li>\r\n\t\t<\/ul>\r\n\t        \r\n                  <h4 class=\"entry-title\"><a href=\"https:\/\/lakeapartments.com.ar\/pt\/new-chef-and-spring-special-menu\/\" rel=\"bookmark\">Novo chef e menu especial de primavera<\/a><\/h4>        \r\n              <\/div>\r\n\r\n              <a href=\"https:\/\/lakeapartments.com.ar\/pt\/new-chef-and-spring-special-menu\/\" class=\"read-more\">Leia mais<i class=\"fas fa-arrow-right\"><\/i><\/a>\r\n      \r\n    <\/div>\r\n  <\/div>\r\n<\/div><\/article>\t\t\t\t\t<\/div>\r\n\t\t\t\t<\/div>\r\n\t\t\t\t\t\t\t\t\t\t\t\t\t\t\t\t<div class=\"isotope-item spa-wellness\">\r\n\t\t\t\t\t<div class=\"isotope-item-inner\" data-wow-delay=\"\">\r\n\t\t\t\t\t\t<article class=\"post-312 post type-post status-publish format-standard has-post-thumbnail hentry category-spa-wellness tag-reservation\">\r\n\t<!-- News Block -->\r\n<div class=\"blog-item-current-style2\">\r\n  <div class=\"inner-box\">\r\n    <div class=\"entry-header\">\r\n      <div class=\"post-thumb lightgallery-lightbox\">\r\n\t\r\n\t<div class=\"post-thumb-inner\">\r\n\t\t<div class=\"thumb\">\r\n\t\t\t<img loading=\"lazy\" decoding=\"async\" src=\"https:\/\/lakeapartments.com.ar\/wp-content\/uploads\/2024\/05\/room2-1-550x550.jpg\" width=\"550\" height=\"550\" alt=\"Maintain Your Fitness Routine on Vacation\"\/>\r\n\t\t<\/div>\r\n\t<\/div>\r\n\t<\/div>                        <div class=\"post-single-meta\">\r\n            \t\t\t<a href=\"https:\/\/lakeapartments.com.ar\/pt\/maintain-your-fitness-routine-on-vacation\/\" rel=\"bookmark\"><time class=\"entry-date\" datetime=\"2023-01-27T09:21:10-03:00\"><span class=\"day\">27<\/span> <span class=\"month\">jan<\/span><span class=\"year\">, 2023<\/span><\/time><\/a>\t          <\/div>\r\n                    <\/div>\r\n    <div class=\"entry-content\">\r\n\r\n      <div class=\"content-inner\">\r\n                  \t<ul class=\"entry-meta list-inline\">\r\n\t\t\t\t<li class=\"list-inline-item author\"><i class=\"fa fa-user-circle-o\"><\/i> <span class=\"byline\">By <span class=\"author vcard\"><a class=\"url fn n\" href=\"https:\/\/lakeapartments.com.ar\/pt\/author\/lakeapartments\/\" rel=\"author\">apartamentos no lago<\/a><\/span><\/span><\/li>\r\n\t\t\t\t\t<li class=\"list-inline-item categories\"><i class=\"fa fa-folder-o\"><\/i> \t\t\t<span class=\"categories-links\"><a href=\"https:\/\/lakeapartments.com.ar\/pt\/category\/spa-wellness\/\" rel=\"category tag\">Spa e bem-estar<\/a><\/span>\r\n        <\/li>\r\n\t\t<\/ul>\r\n\t        \r\n                  <h4 class=\"entry-title\"><a href=\"https:\/\/lakeapartments.com.ar\/pt\/maintain-your-fitness-routine-on-vacation\/\" rel=\"bookmark\">Mantenha sua rotina de exerc\u00edcios f\u00edsicos durante as f\u00e9rias<\/a><\/h4>        \r\n              <\/div>\r\n\r\n              <a href=\"https:\/\/lakeapartments.com.ar\/pt\/maintain-your-fitness-routine-on-vacation\/\" class=\"read-more\">Leia mais<i class=\"fas fa-arrow-right\"><\/i><\/a>\r\n      \r\n    <\/div>\r\n  <\/div>\r\n<\/div><\/article>\t\t\t\t\t<\/div>\r\n\t\t\t\t<\/div>\r\n\t\t\t\t\t\t\t\t<!-- end of the loop -->\r\n\t\t\t<\/div>\r\n\t\t<\/div>\r\n\t\t\t<\/div>\r\n\t\t\r\n\r\n\t\t<\/div>\n\t\t\t\t<\/div>\n\t\t\t\t\t<\/div>\n\t\t\t\t<\/div>\n\t\t\t\t\t<\/div>\n\t\t\t\t<\/div>\n\t\t\t\t<\/div>","protected":false},"excerpt":{"rendered":"<p>31 Jan, 2023 By shadhin Tips &amp; Tricks Retore Lighting Design in The Hotel Read More 31 Jan, 2023 By&#8230;<\/p>","protected":false},"author":1,"featured_media":0,"parent":0,"menu_order":0,"comment_status":"closed","ping_status":"closed","template":"","meta":{"footnotes":""},"class_list":["post-106455","page","type-page","status-publish","hentry"],"aioseo_notices":[],"_links":{"self":[{"href":"https:\/\/lakeapartments.com.ar\/pt\/wp-json\/wp\/v2\/pages\/106455","targetHints":{"allow":["GET"]}}],"collection":[{"href":"https:\/\/lakeapartments.com.ar\/pt\/wp-json\/wp\/v2\/pages"}],"about":[{"href":"https:\/\/lakeapartments.com.ar\/pt\/wp-json\/wp\/v2\/types\/page"}],"author":[{"embeddable":true,"href":"https:\/\/lakeapartments.com.ar\/pt\/wp-json\/wp\/v2\/users\/1"}],"replies":[{"embeddable":true,"href":"https:\/\/lakeapartments.com.ar\/pt\/wp-json\/wp\/v2\/comments?post=106455"}],"version-history":[{"count":0,"href":"https:\/\/lakeapartments.com.ar\/pt\/wp-json\/wp\/v2\/pages\/106455\/revisions"}],"wp:attachment":[{"href":"https:\/\/lakeapartments.com.ar\/pt\/wp-json\/wp\/v2\/media?parent=106455"}],"curies":[{"name":"wp","href":"https:\/\/api.w.org\/{rel}","templated":true}]}}